 {"id":1072,"date":"2016-02-19T16:17:17","date_gmt":"2016-02-19T16:17:17","guid":{"rendered":"http:\/\/noellaaoun.com\/about\/"},"modified":"2017-06-03T06:34:15","modified_gmt":"2017-06-03T06:34:15","slug":"acerca-de","status":"publish","type":"page","link":"http:\/\/noellaaoun.com\/es\/acerca-de\/","title":{"rendered":"Acerca De"},"content":{"rendered":"<p>[vc_row cth_layout=&#8221;monolit_page_sec&#8221; sec_number=&#8221;01&#8243; el_id=&#8221;sec1&#8243;][vc_column offset=&#8221;vc_col-md-8&#8243;][vc_column_text]<\/p>\n<h2 class=\"section-title\">NUESTRA<strong>\u00a0HISTORIA<\/strong><\/h2>\n<p class=\"no-rep\">No\u00eblla Aoun tiene un Master de la <b>&#8220;Universidad de Columbia en la Ciudad de Nueva York&#8221; <\/b>en Arquitectura y Dise\u00f1o Urbano. Tambi\u00e9n estudi\u00f3 arquitectura en la Escuela de Bellas Artes <b>&#8220;ALBA &#8211; Academia Libanesa de Bellas Artes&#8221;<\/b> donde se gradu\u00f3 con distinci\u00f3n. A lo largo de su camino, No\u00eblla ha adquirido y afinado atributos valiosos como la creaci\u00f3n de soluciones de dise\u00f1o y el \u00e9xito en entornos extremadamente competitivos.<\/p>\n<p>La relaci\u00f3n entre el espacio y el ser humano siempre la fascinaba. Querer crear estos espacios que construyen el estilo de vida de la gente era su principal raz\u00f3n para convertirse en arquitecta. Su pasi\u00f3n por el tema del dise\u00f1o urbano se inici\u00f3 cuando decidi\u00f3 unirse a dos talleres urbanos internacionales tanto en Sarajevo (Bosnia y Herzegovina) como en Par\u00eds (Francia).<\/p>\n<p>Recientemente se mud\u00f3 de la ciudad de Nueva York, donde interactu\u00f3 con entusiastas de alto calibre arquitect\u00f3nico de todos los or\u00edgenes y se traslad\u00f3 a Beirut con el fin de establecer su pr\u00e1ctica profesional independiente. Ya sea trabajando en grandes proyectos como dise\u00f1adora urbana o en menor escala como arquitecta, No\u00eblla tiene una fuerte \u00e9tica de trabajo y compromiso con su profesi\u00f3n. No\u00eblla ha desarrollado una cartera diversa trabajando en varios proyectos en varias ciudades como Beirut, Nueva York y Se\u00fal, entre otros. Tambi\u00e9n es arquitecta registrada en la OEA (Orden de Ingenieros y Arquitectos) en Beirut, L\u00edbano.<\/p>\n<div class=\"process-box\">\n<h3>Lo\u00a0qu\u00e9 hacemos<\/h3>\n<ul class=\"creat-list\">\n<li><a>Idea + Inicio<\/a><\/li>\n<li><a>investigaci\u00f3n + an\u00e1lisis<\/a><\/li>\n<li><a>dise\u00f1o + creaci\u00f3n<\/a><\/li>\n<\/ul>\n<\/div>\n<p>[\/vc_column_text][\/vc_column][vc_column offset=&#8221;vc_col-md-4&#8243;][monolit_parallax_box box_pos=&#8221;center&#8221;]<img decoding=\"async\" loading=\"lazy\" class=\"alignnone size-large wp-image-1002\" style=\"opacity: 1;\" src=\"http:\/\/noellaaoun.com\/wp-content\/uploads\/2016\/02\/noella_pic-683x1024.jpg\" alt=\"\" width=\"100%\" height=\"\" srcset=\"http:\/\/noellaaoun.com\/wp-content\/uploads\/2016\/02\/noella_pic-683x1024.jpg 683w, http:\/\/noellaaoun.com\/wp-content\/uploads\/2016\/02\/noella_pic-200x300.jpg 200w, http:\/\/noellaaoun.com\/wp-content\/uploads\/2016\/02\/noella_pic-768x1152.jpg 768w, http:\/\/noellaaoun.com\/wp-content\/uploads\/2016\/02\/noella_pic.jpg 1400w\" sizes=\"(max-width: 683px) 100vw, 683px\" \/>[\/monolit_parallax_box][\/vc_column][\/vc_row][vc_row cth_layout=&#8221;monolit_page_dark_sec&#8221; parallax_inner_op=&#8221;0.8&#8243; sec_number=&#8221;02&#8243; sec_number_pos=&#8221;left&#8221; parallax_inner=&#8221;876&#8243; el_id=&#8221;sec2&#8243;][vc_column][vc_row_inner][vc_column_inner offset=&#8221;vc_col-md-4&#8243;][vc_column_text]<\/p>\n<h2 class=\"section-title\">Nuestras <strong>Competencias<\/strong><\/h2>\n<p>[\/vc_column_text][\/vc_column_inner][vc_column_inner offset=&#8221;vc_col-md-8&#8243;][vc_column_text]<\/p>\n<p class=\"no-rep\">La pr\u00e1ctica apunta a dar forma a espacios funcionales, atractivos y sostenibles, teniendo en cuenta las necesidades de todos aquellos que participan activamente en el desarrollo, especialmente los clientes y usuarios del espacio. El dise\u00f1o de cada proyecto se centra en hacer conexiones entre personas y lugares, el movimiento y la forma urbana, la naturaleza y el tejido construido. El procedimiento para desarrollar cada proyecto consiste en 3 fases:<\/p>\n<p><strong>Idea + Start<\/strong>, la fase para confirmar los objetivos de negocio del cliente y la estimaci\u00f3n del presupuesto. Es un ejercicio de lluvia de ideas dise\u00f1ado para establecer el programa e identificar los l\u00edmites del proyecto.<\/p>\n<p><strong>Investigaci\u00f3n + An\u00e1lisis<\/strong>, fase de estudio de las condiciones del sitio y an\u00e1lisis del contexto f\u00edsico, hist\u00f3rico, ambiental, social y natural del proyecto que informar\u00e1 y ayudar\u00e1 a establecer los par\u00e1metros de dise\u00f1o visualizados mediante diagramas y bocetos.<\/p>\n<p><strong>Dise\u00f1o + Creaci\u00f3n<\/strong>, la fase para capturar todas las percepciones recogidas en una visi\u00f3n arquitect\u00f3nica hol\u00edstica y un concepto de proyecto incluyendo todos los dibujos requeridos (concepto inicial, desarrollo del dise\u00f1o, documentos de construcci\u00f3n y detalles).<\/p>\n<p>Este procedimiento de 3 fases conduce a la entrega de dise\u00f1os \u00fanicos y espec\u00edficos del cliente y garantiza soluciones personalizadas debido a una combinaci\u00f3n de concepto \u00fanico y conocimiento t\u00e9cnico detallado dentro de una visi\u00f3n contempor\u00e1nea.[\/vc_column_text][\/vc_column_inner][\/vc_row_inner][\/vc_column][\/vc_row]<\/p>\n","protected":false},"excerpt":{"rendered":"<p>[vc_row cth_layout=&#8221;monolit_page_sec&#8221; sec_number=&#8221;01&#8243; el_id=&#8221;sec1&#8243;][vc_column offset=&#8221;vc_col-md-8&#8243;][vc_column_text] NUESTRA\u00a0HISTORIA No\u00eblla Aoun tiene un Master de la &#8220;Universidad de Columbia en la Ciudad de Nueva York&#8221; en Arquitectura y Dise\u00f1o Urbano. Tambi\u00e9n estudi\u00f3 arquitectura en la Escuela de Bellas Artes &#8220;ALBA &#8211; Academia Libanesa de Bellas Artes&#8221; donde se gradu\u00f3 con distinci\u00f3n. A lo largo de su camino, No\u00eblla [&hellip;]<\/p>\n","protected":false},"author":1,"featured_media":0,"parent":0,"menu_order":0,"comment_status":"closed","ping_status":"closed","template":"page-fullwidth.php","meta":[],"acf":[],"aioseo_notices":[],"_links":{"self":[{"href":"http:\/\/noellaaoun.com\/es\/wp-json\/wp\/v2\/pages\/1072"}],"collection":[{"href":"http:\/\/noellaaoun.com\/es\/wp-json\/wp\/v2\/pages"}],"about":[{"href":"http:\/\/noellaaoun.com\/es\/wp-json\/wp\/v2\/types\/page"}],"author":[{"embeddable":true,"href":"http:\/\/noellaaoun.com\/es\/wp-json\/wp\/v2\/users\/1"}],"replies":[{"embeddable":true,"href":"http:\/\/noellaaoun.com\/es\/wp-json\/wp\/v2\/comments?post=1072"}],"version-history":[{"count":6,"href":"http:\/\/noellaaoun.com\/es\/wp-json\/wp\/v2\/pages\/1072\/revisions"}],"predecessor-version":[{"id":1282,"href":"http:\/\/noellaaoun.com\/es\/wp-json\/wp\/v2\/pages\/1072\/revisions\/1282"}],"wp:attachment":[{"href":"http:\/\/noellaaoun.com\/es\/wp-json\/wp\/v2\/media?parent=1072"}],"curies":[{"name":"wp","href":"https:\/\/api.w.org\/{rel}","templated":true}]}}