 {"id":1085,"date":"2016-02-17T17:23:19","date_gmt":"2016-02-17T17:23:19","guid":{"rendered":"http:\/\/noellaaoun.com\/home-image\/"},"modified":"2021-05-13T00:11:26","modified_gmt":"2021-05-12T21:11:26","slug":"home-image","status":"publish","type":"page","link":"http:\/\/noellaaoun.com\/es\/","title":{"rendered":"INICIO"},"content":{"rendered":"<p>[vc_row full_width=&#8221;stretch_row&#8221; cth_layout=&#8221;monolit_fullheight_sec&#8221;][vc_column css=&#8221;.vc_custom_1455730804223{padding-right: 0px !important;padding-left: 0px !important;}&#8221;][monolit_home_slider values=&#8221;%5B%7B%22slideimg%22%3A%221987%22%7D%2C%7B%22slideimg%22%3A%221873%22%7D%2C%7B%22slideimg%22%3A%222285%22%7D%5D&#8221; autoplay=&#8221;yes&#8221;][vc_icon icon_fontawesome=&#8221;fa fa-angle-double-down&#8221; color=&#8221;white&#8221; align=&#8221;center&#8221; link=&#8221;url:javascript%3Avoid()%3B|||&#8221; el_class=&#8221;custom_scroll_btn&#8221;][\/vc_column][\/vc_row][vc_row cth_layout=&#8221;monolit_page_sec&#8221; sec_number=&#8221;01&#8243; el_id=&#8221;sec1&#8243; el_class=&#8221;services_section_holder&#8221;][vc_column offset=&#8221;vc_col-md-4&#8243;][monolit_carousel_slider_multiimgs slideimages=&#8221;608,609&#8243;][\/vc_column][vc_column offset=&#8221;vc_col-md-8&#8243;][vc_column_text]<\/p>\n<h2 class=\"section-title\"><strong>No\u00eblla<\/strong> Aoun<\/h2>\n<p class=\"no-rep\">No\u00eblla Aoun tiene un Master de la <strong>&#8220;Universidad de Columbia en la Ciudad de Nueva York&#8221; <\/strong>en Arquitectura y Dise\u00f1o Urbano. Tambi\u00e9n estudi\u00f3 arquitectura en la Escuela de Bellas Artes <strong>&#8220;ALBA &#8211; Academia Libanesa de Bellas Artes&#8221;<\/strong> donde se gradu\u00f3 con distinci\u00f3n.\u00a0Tambi\u00e9n es arquitecta registrada en la OEA (Orden de Ingenieros y Arquitectos) en Beirut, L\u00edbano.<\/p>\n<div class=\"process-box\">\n<h3>Los Servicios:<\/h3>\n<ul class=\"creat-list\">\n<li><a>Arquitectura<\/a><\/li>\n<li><a>Dise\u00f1o Urbano<\/a><\/li>\n<li><a>Interiores<\/a><\/li>\n<li><a>Paisajismo<\/a><\/li>\n<\/ul>\n<\/div>\n<div class=\"process-box\">\n<h3 id=\"tw-target-text\" class=\"tw-data-text tw-ta tw-text-medium\" dir=\"ltr\" data-placeholder=\"Translation\"><strong><span lang=\"es\">Fases de Dise\u00f1o<\/span><\/strong><\/h3>\n<ul class=\"creat-list extra_line_height\">\n<li><a>Dise\u00f1o esquem\u00e1tico<\/a><\/li>\n<li><a>Desarrollo del Dise\u00f1o<\/a><\/li>\n<li><a>Documentos de Construcci\u00f3n<\/a><\/li>\n<li><a>Convocatoria y Negociaci\u00f3n<\/a><\/li>\n<li><a>Administraci\u00f3n de la Construcci\u00f3n<\/a><\/li>\n<\/ul>\n<\/div>\n<div><a class=\"btn anim-button fl-l\" href=\"http:\/\/noellaaoun.com\/es\/projects\/\"><span class=\"no-rep\">Ver Portfolio<\/span><i class=\"fa fa-long-arrow-right\"><\/i><\/a><\/div>\n<p>[\/vc_column_text][\/vc_column][\/vc_row][vc_row cth_layout=&#8221;monolit_page_dark_sec&#8221; parallax_inner_op=&#8221;0.8&#8243; sec_number=&#8221;02&#8243; sec_number_pos=&#8221;left&#8221; parallax_inner=&#8221;932&#8243;][vc_column][vc_row_inner][vc_column_inner offset=&#8221;vc_col-md-4&#8243;][vc_column_text]<\/p>\n<h2 class=\"section-title\">Algunos <strong>hechos<\/strong> interesantes<\/h2>\n<p>[\/vc_column_text][\/vc_column_inner][vc_column_inner offset=&#8221;vc_col-md-8&#8243;][vc_column_text][\/vc_column_text][\/vc_column_inner][\/vc_row_inner][vc_row_inner el_class=&#8221;some_inter_facts&#8221;][vc_column_inner offset=&#8221;vc_col-md-4&#8243;][\/vc_column_inner][vc_column_inner el_class=&#8221;inline-facts-holder row&#8221; offset=&#8221;vc_col-md-8&#8243;][cth_counter number=&#8221;&#8221;]Proyectos en <strong>7 pa\u00edses<\/strong>[\/cth_counter][cth_counter number=&#8221;&#8221; parallax_value=&#8221;80&#8243;]Construcci\u00f3n Sostenible[\/cth_counter][cth_counter number=&#8221;&#8221; parallax_value=&#8221;100&#8243;]Espacios Funcionales[\/cth_counter][\/vc_column_inner][\/vc_row_inner][\/vc_column][\/vc_row][vc_row cth_layout=&#8221;monolit_page_sec&#8221; sec_number=&#8221;03&#8243;][vc_column][vc_column_text]<\/p>\n<h2 class=\"section-title algn-right dec-title\"><strong>Trabajos<\/strong> Destacados<\/h2>\n<p>[\/vc_column_text][vc_column_text]<div class=\"row\"><div class=\"col-md-7\"><div class=\"parallax-item left-direction\"><div class=\"paralax-media\"><ul class=\"creat-list\"><li><a href=\"javascript:void(0);\">Lebanon <\/a><\/li><li><a href=\"http:\/\/noellaaoun.com\/es\/projects\/?_sft_monolit_type=restaurante\">Restaurante<\/a><\/li><li><a href=\"http:\/\/noellaaoun.com\/es\/projects\/?_sft_portfolio_cat=architecture-es\">Arquitectura<\/a><\/li><\/ul> <div class=\"paralax-wrap\"><img width=\"2000\" height=\"1125\" src=\"http:\/\/noellaaoun.com\/wp-content\/uploads\/2015\/10\/1-4.jpg\" class=\"respimg wp-post-image\" alt=\"\"  sizes=\"(max-width: 2000px) 100vw, 2000px\"><\/div><\/div><div class=\"parallax-deck skrollable skrollable-between\" data-top-bottom=\"transform: translateY(-200px);\" data-bottom-top=\"transform: translateY(200px);\" style=\"transform: translateY(7.88732px);\">\n<div class=\"parallax-deck-item\">\n<h3 class=\"folio-title\">Restaurante  &#8220;Al Saniour&#8221;<\/h3>                                                                                <a href=\"http:\/\/noellaaoun.com\/es\/portfolio\/al-saniour-sea-view-restaurant\/\" class=\"btn anim-button fl-l\"><span>ver Proyecto<\/span> <i class=\"fa fa-long-arrow-right ktest\"><\/i><\/a>\n<\/div>\n<\/div>\n<\/div>\n<\/div>\n<div class=\"col-md-5\"><\/div>\n<\/div><div class=\"row\"><div class=\"col-md-7\">\n<\/div>\n<div class=\"col-md-5\"><div class=\"parallax-item left-direction\"><div class=\"paralax-media\"><ul class=\"creat-list\"><li><a href=\"javascript:void(0)\">New York City<\/a><\/li><li><a href=\"http:\/\/noellaaoun.com\/es\/projects\/?_sft_monolit_type=desarrollo-de-uso-mixto\">Desarrollo de uso mixto<\/a><\/li><li><a href=\"http:\/\/noellaaoun.com\/es\/projects\/?_sft_portfolio_cat=urban-design-es\">Dise\u00f1o Urbano<\/a><\/li><\/ul> <div class=\"paralax-wrap\"><img width=\"2000\" height=\"1125\" src=\"http:\/\/noellaaoun.com\/wp-content\/uploads\/2015\/10\/modified_UD_Kuehl_NoellaAoun_EkaratPunsupol_ZhiminZhang_SU14_03-copy.jpg\" class=\"respimg wp-post-image\" alt=\"\"  sizes=\"(max-width: 2000px) 100vw, 2000px\"><\/div><\/div><div class=\"parallax-deck skrollable skrollable-between\" data-top-bottom=\"transform: translateY(-200px);\" data-bottom-top=\"transform: translateY(200px);\" style=\"transform: translateY(7.88732px);\">\n<div class=\"parallax-deck-item\">\n<h3 class=\"folio-title\">Desarrollo de Uso Mixto en La Ciudad De Nueva York<\/h3>                                                                                <a href=\"http:\/\/noellaaoun.com\/es\/portfolio\/development-in-new-york\/\" class=\"btn anim-button fl-l\"><span>ver Proyecto<\/span> <i class=\"fa fa-long-arrow-right ktest\"><\/i><\/a>\n<\/div>\n<\/div>\n<\/div><\/div>\n<\/div><div class=\"row\"><div class=\"col-md-7\"><div class=\"parallax-item left-direction\"><div class=\"paralax-media\"><ul class=\"creat-list\"><li><a href=\"javascript:void(0);\">Lebanon<\/a><\/li><li><a href=\"http:\/\/noellaaoun.com\/es\/projects\/?_sft_monolit_type=recreativo\">Recreativo<\/a><\/li><li><a href=\"http:\/\/noellaaoun.com\/es\/projects\/?_sft_portfolio_cat=landscape-es\">Paisajismo<\/a><\/li><\/ul> <div class=\"paralax-wrap\"><img width=\"2000\" height=\"1125\" src=\"http:\/\/noellaaoun.com\/wp-content\/uploads\/2015\/10\/5.jpg\" class=\"respimg wp-post-image\" alt=\"\"  sizes=\"(max-width: 2000px) 100vw, 2000px\"><\/div><\/div><div class=\"parallax-deck skrollable skrollable-between\" data-top-bottom=\"transform: translateY(-200px);\" data-bottom-top=\"transform: translateY(200px);\" style=\"transform: translateY(7.88732px);\">\n<div class=\"parallax-deck-item\">\n<h3 class=\"folio-title\">Re.Treat Destino Familiar<\/h3>                                                                                <a href=\"http:\/\/noellaaoun.com\/es\/portfolio\/re-treat-family-destination\/\" class=\"btn anim-button fl-l\"><span>ver Proyecto<\/span> <i class=\"fa fa-long-arrow-right ktest\"><\/i><\/a>\n<\/div>\n<\/div>\n<\/div>\n<\/div>\n<div class=\"col-md-5\"><\/div>\n<\/div><div class=\"row\"><div class=\"col-md-7\">\n<\/div>\n<div class=\"col-md-5\"><div class=\"parallax-item left-direction\"><div class=\"paralax-media\"><ul class=\"creat-list\"><li><a href=\"javascript:void(0)\">Jeddah, Saudi Arabia<\/a><\/li><li><a href=\"http:\/\/noellaaoun.com\/es\/projects\/?_sft_monolit_type=desarrollo-de-uso-mixto\">Desarrollo de uso mixto<\/a><\/li><li><a href=\"http:\/\/noellaaoun.com\/es\/projects\/?_sft_portfolio_cat=architecture-es\">Arquitectura<\/a><\/li><\/ul> <div class=\"paralax-wrap\"><img width=\"2000\" height=\"1125\" src=\"http:\/\/noellaaoun.com\/wp-content\/uploads\/2020\/12\/Noella-Aoun-Design-Studio_800x600_acf_cropped.jpg\" class=\"respimg wp-post-image\" alt=\"\"  sizes=\"(max-width: 2000px) 100vw, 2000px\"><\/div><\/div><div class=\"parallax-deck skrollable skrollable-between\" data-top-bottom=\"transform: translateY(-200px);\" data-bottom-top=\"transform: translateY(200px);\" style=\"transform: translateY(7.88732px);\">\n<div class=\"parallax-deck-item\">\n<h3 class=\"folio-title\">Desarrollo de Uso Mixto en Jeddah<\/h3>                                                                                <a href=\"http:\/\/noellaaoun.com\/es\/portfolio\/desarrollo-de-uso-mixto-en-jeddah\/\" class=\"btn anim-button fl-l\"><span>ver Proyecto<\/span> <i class=\"fa fa-long-arrow-right ktest\"><\/i><\/a>\n<\/div>\n<\/div>\n<\/div><\/div>\n<\/div><div class=\"custom-link-holder\"><a href=\"http:\/\/noellaaoun.com\/es\/projects\/\" class=\"btn anim-button skrollable skrollable-between\" data-top-bottom=\"transform: translateY(-50px);\" data-bottom-top=\"transform: translateY(50px);\" style=\"transform: translateY(-3.39367px);\"><span>Ver todos los proyectos<\/span> <i class=\"fa fa-long-arrow-right\"><\/i><\/a><\/div>[\/vc_column_text][\/vc_column][\/vc_row]<\/p>\n","protected":false},"excerpt":{"rendered":"<p>[vc_row full_width=&#8221;stretch_row&#8221; cth_layout=&#8221;monolit_fullheight_sec&#8221;][vc_column css=&#8221;.vc_custom_1455730804223{padding-right: 0px !important;padding-left: 0px !important;}&#8221;][monolit_home_slider values=&#8221;%5B%7B%22slideimg%22%3A%221987%22%7D%2C%7B%22slideimg%22%3A%221873%22%7D%2C%7B%22slideimg%22%3A%222285%22%7D%5D&#8221; autoplay=&#8221;yes&#8221;][vc_icon icon_fontawesome=&#8221;fa fa-angle-double-down&#8221; color=&#8221;white&#8221; align=&#8221;center&#8221; link=&#8221;url:javascript%3Avoid()%3B|||&#8221; el_class=&#8221;custom_scroll_btn&#8221;][\/vc_column][\/vc_row][vc_row cth_layout=&#8221;monolit_page_sec&#8221; sec_number=&#8221;01&#8243; el_id=&#8221;sec1&#8243; el_class=&#8221;services_section_holder&#8221;][vc_column offset=&#8221;vc_col-md-4&#8243;][monolit_carousel_slider_multiimgs slideimages=&#8221;608,609&#8243;][\/vc_column][vc_column offset=&#8221;vc_col-md-8&#8243;][vc_column_text] No\u00eblla Aoun No\u00eblla Aoun tiene un Master de la &#8220;Universidad de Columbia en la Ciudad de Nueva York&#8221; en Arquitectura y Dise\u00f1o Urbano. Tambi\u00e9n estudi\u00f3 arquitectura en la Escuela de Bellas Artes [&hellip;]<\/p>\n","protected":false},"author":1,"featured_media":0,"parent":0,"menu_order":0,"comment_status":"closed","ping_status":"closed","template":"homepage.php","meta":[],"acf":[],"aioseo_notices":[],"_links":{"self":[{"href":"http:\/\/noellaaoun.com\/es\/wp-json\/wp\/v2\/pages\/1085"}],"collection":[{"href":"http:\/\/noellaaoun.com\/es\/wp-json\/wp\/v2\/pages"}],"about":[{"href":"http:\/\/noellaaoun.com\/es\/wp-json\/wp\/v2\/types\/page"}],"author":[{"embeddable":true,"href":"http:\/\/noellaaoun.com\/es\/wp-json\/wp\/v2\/users\/1"}],"replies":[{"embeddable":true,"href":"http:\/\/noellaaoun.com\/es\/wp-json\/wp\/v2\/comments?post=1085"}],"version-history":[{"count":12,"href":"http:\/\/noellaaoun.com\/es\/wp-json\/wp\/v2\/pages\/1085\/revisions"}],"predecessor-version":[{"id":2297,"href":"http:\/\/noellaaoun.com\/es\/wp-json\/wp\/v2\/pages\/1085\/revisions\/2297"}],"wp:attachment":[{"href":"http:\/\/noellaaoun.com\/es\/wp-json\/wp\/v2\/media?parent=1085"}],"curies":[{"name":"wp","href":"https:\/\/api.w.org\/{rel}","templated":true}]}}