 {"id":1068,"date":"2016-02-19T16:17:17","date_gmt":"2016-02-19T16:17:17","guid":{"rendered":"http:\/\/noellaaoun.com\/about\/"},"modified":"2017-06-10T20:33:19","modified_gmt":"2017-06-10T20:33:19","slug":"a-propos","status":"publish","type":"page","link":"http:\/\/noellaaoun.com\/fr\/a-propos\/","title":{"rendered":"\u00c0 propos"},"content":{"rendered":"<p>[vc_row cth_layout=&#8221;monolit_page_sec&#8221; sec_number=&#8221;01&#8243; el_id=&#8221;sec1&#8243;][vc_column offset=&#8221;vc_col-md-8&#8243;][vc_column_text]<\/p>\n<h2 class=\"section-title\">Notre<strong> Histoire <\/strong><\/h2>\n<p class=\"no-rep\">No\u00eblla Aoun d\u00e9tient un master de <strong>\u201cColumbia University in the City of New York\u201d<\/strong> en architecture et am\u00e9nagement urbain. Elle a \u00e9galement \u00e9tudi\u00e9 l&#8217;architecture \u00e0 l&#8217;Ecole des beaux-arts <strong>\u201cALBA &#8211; Acad\u00e9mie Libanaise des Beaux-Arts\u201d<\/strong> o\u00f9 elle a obtenu son dipl\u00f4me avec distinction. Tout au long de son chemin, No\u00eblla a acquis et affin\u00e9 des attributs d\u2019importance majeure tels que cr\u00e9er des solutions de design et succ\u00e9der dans des environnements extr\u00eamement comp\u00e9titifs.<\/p>\n<p>La relation entre l&#8217;espace et l&#8217;\u00eatre humain l&#8217;a toujours fascin\u00e9e. Vouloir cr\u00e9er ces espaces qui construisent le mode de vie des gens \u00e9tait sa principale raison de devenir architecte. Sa passion pour le sujet du am\u00e9nagement urbain a \u00e9t\u00e9 d\u00e9clench\u00e9e quand elle a d\u00e9cid\u00e9 de rejoindre deux ateliers urbains internationaux \u00e0 Sarajevo (Bosnie-Herz\u00e9govine) et \u00e0 Paris (France).<\/p>\n<p>Elle a r\u00e9cemment d\u00e9m\u00e9nag\u00e9 de New York City o\u00f9 elle a interagi avec des enthousiastes de l&#8217;architecture de haut niveau et s\u2019est install\u00e9e \u00e0 Beyrouth afin d&#8217;\u00e9tablir sa pratique professionnelle ind\u00e9pendante. Qu&#8217;il s&#8217;agisse de projets urbains \u00e0 grande \u00e9chelle ou de projets d\u2019architecture \u00e0 petite \u00e9chelle, No\u00eblla poss\u00e8de une forte \u00e9thique de travail et un engagement envers sa profession. No\u00eblla a d\u00e9velopp\u00e9 un portefeuille diversifi\u00e9 en travaillant sur divers projets dans plusieurs villes telles que Beyrouth, New York et S\u00e9oul parmi d&#8217;autres. Elle est \u00e9galement architecte inscrite \u00e0 l&#8217;OEA (Ordre des Ing\u00e9nieurs et Architectes) \u00e0 Beyrouth, Liban.<\/p>\n<div class=\"process-box\">\n<h3>Ce que nous faisons<\/h3>\n<ul class=\"creat-list\">\n<li><a href=\"#\">Id\u00e9e + Commencement<\/a><\/li>\n<li><a href=\"#\">Recherche + Analyse<\/a><\/li>\n<li><a href=\"#\">Design + Cr\u00e9ation<\/a><\/li>\n<\/ul>\n<\/div>\n<p>[\/vc_column_text][\/vc_column][vc_column offset=&#8221;vc_col-md-4&#8243;][monolit_parallax_box box_pos=&#8221;center&#8221;]<img decoding=\"async\" loading=\"lazy\" class=\"alignnone size-large wp-image-1002\" style=\"opacity: 1;\" src=\"http:\/\/noellaaoun.com\/wp-content\/uploads\/2016\/02\/noella_pic-683x1024.jpg\" alt=\"\" width=\"100%\" height=\"\" srcset=\"http:\/\/noellaaoun.com\/wp-content\/uploads\/2016\/02\/noella_pic-683x1024.jpg 683w, http:\/\/noellaaoun.com\/wp-content\/uploads\/2016\/02\/noella_pic-200x300.jpg 200w, http:\/\/noellaaoun.com\/wp-content\/uploads\/2016\/02\/noella_pic-768x1152.jpg 768w, http:\/\/noellaaoun.com\/wp-content\/uploads\/2016\/02\/noella_pic.jpg 1400w\" sizes=\"(max-width: 683px) 100vw, 683px\" \/>[\/monolit_parallax_box][\/vc_column][\/vc_row][vc_row cth_layout=&#8221;monolit_page_dark_sec&#8221; parallax_inner_op=&#8221;0.8&#8243; sec_number=&#8221;02&#8243; sec_number_pos=&#8221;left&#8221; parallax_inner=&#8221;876&#8243; el_id=&#8221;sec2&#8243;][vc_column][vc_row_inner][vc_column_inner offset=&#8221;vc_col-md-4&#8243;][vc_column_text]<\/p>\n<h2 class=\"section-title\">Nos<strong> Comp\u00e9tences<\/strong><\/h2>\n<p>[\/vc_column_text][\/vc_column_inner][vc_column_inner offset=&#8221;vc_col-md-8&#8243;][vc_column_text]<\/p>\n<p class=\"no-rep\">La pratique vise \u00e0 cr\u00e9er des espaces fonctionnels, attrayants et durables tout en tenant compte des besoins de tous ceux qui participent activement au d\u00e9veloppement, en particulier les clients et les utilisateurs de l\u2019espace. La conception de chaque projet se concentre sur la connexion entre les personnes et les lieux, le mouvement et la forme urbaine, la nature et le tissu construit. La proc\u00e9dure de d\u00e9veloppement de chaque projet se compose de 3 phases:<\/p>\n<p><b>Id\u00e9e + Commencement,<\/b> la phase pour confirmer les objectifs du client et l&#8217;estimation budg\u00e9taire. C&#8217;est un exercice de \u00ab\u00a0brainstorming\u00a0\u00bb con\u00e7u pour d\u00e9finir le programme et cerner le projet.<\/p>\n<p><b>Recherche + Analyse<\/b>, la phase d&#8217;\u00e9tude des conditions du site et l&#8217;analyse du contexte physique, historique, environnemental, social et naturel du projet qui informerait et aiderait \u00e0 d\u00e9finir les param\u00e8tres du concept visualis\u00e9s par des diagrammes et des croquis.<\/p>\n<p><b>Design + Cr\u00e9ation<\/b>, la phase de recueillement de tous les \u00e9l\u00e9ments pr\u00e9c\u00e9dents dans une vision architecturale holistique et un concept de projet qui comprend tous les dessins requis (avant projet sommaire, avant projet d\u00e9velopp\u00e9, dossier d\u2019ex\u00e9cution).<\/p>\n<p>Cette proc\u00e9dure en 3 \u00e9tapes permet de proposer des designs uniques et sp\u00e9cifiques au client et assure des solutions personnalis\u00e9es gr\u00e2ce \u00e0 une combinaison de concepts uniques et de connaissances techniques d\u00e9taill\u00e9es dans une vision contemporaine.[\/vc_column_text][\/vc_column_inner][\/vc_row_inner][\/vc_column][\/vc_row]<\/p>\n","protected":false},"excerpt":{"rendered":"<p>[vc_row cth_layout=&#8221;monolit_page_sec&#8221; sec_number=&#8221;01&#8243; el_id=&#8221;sec1&#8243;][vc_column offset=&#8221;vc_col-md-8&#8243;][vc_column_text] Notre Histoire No\u00eblla Aoun d\u00e9tient un master de \u201cColumbia University in the City of New York\u201d en architecture et am\u00e9nagement urbain. Elle a \u00e9galement \u00e9tudi\u00e9 l&#8217;architecture \u00e0 l&#8217;Ecole des beaux-arts \u201cALBA &#8211; Acad\u00e9mie Libanaise des Beaux-Arts\u201d o\u00f9 elle a obtenu son dipl\u00f4me avec distinction. Tout au long de son chemin, [&hellip;]<\/p>\n","protected":false},"author":1,"featured_media":0,"parent":0,"menu_order":0,"comment_status":"closed","ping_status":"closed","template":"page-fullwidth.php","meta":[],"acf":[],"aioseo_notices":[],"_links":{"self":[{"href":"http:\/\/noellaaoun.com\/fr\/wp-json\/wp\/v2\/pages\/1068"}],"collection":[{"href":"http:\/\/noellaaoun.com\/fr\/wp-json\/wp\/v2\/pages"}],"about":[{"href":"http:\/\/noellaaoun.com\/fr\/wp-json\/wp\/v2\/types\/page"}],"author":[{"embeddable":true,"href":"http:\/\/noellaaoun.com\/fr\/wp-json\/wp\/v2\/users\/1"}],"replies":[{"embeddable":true,"href":"http:\/\/noellaaoun.com\/fr\/wp-json\/wp\/v2\/comments?post=1068"}],"version-history":[{"count":6,"href":"http:\/\/noellaaoun.com\/fr\/wp-json\/wp\/v2\/pages\/1068\/revisions"}],"predecessor-version":[{"id":1310,"href":"http:\/\/noellaaoun.com\/fr\/wp-json\/wp\/v2\/pages\/1068\/revisions\/1310"}],"wp:attachment":[{"href":"http:\/\/noellaaoun.com\/fr\/wp-json\/wp\/v2\/media?parent=1068"}],"curies":[{"name":"wp","href":"https:\/\/api.w.org\/{rel}","templated":true}]}}