 {"id":1084,"date":"2016-02-17T17:23:19","date_gmt":"2016-02-17T17:23:19","guid":{"rendered":"http:\/\/noellaaoun.com\/home-image\/"},"modified":"2021-05-13T00:07:56","modified_gmt":"2021-05-12T21:07:56","slug":"home-image","status":"publish","type":"page","link":"http:\/\/noellaaoun.com\/fr\/","title":{"rendered":"ACCUEIL"},"content":{"rendered":"<p>[vc_row full_width=&#8221;stretch_row&#8221; cth_layout=&#8221;monolit_fullheight_sec&#8221;][vc_column css=&#8221;.vc_custom_1455730804223{padding-right: 0px !important;padding-left: 0px !important;}&#8221;][monolit_home_slider values=&#8221;%5B%7B%22slideimg%22%3A%221987%22%7D%2C%7B%22slideimg%22%3A%221873%22%7D%2C%7B%22slideimg%22%3A%222285%22%7D%5D&#8221; autoplay=&#8221;yes&#8221;][vc_icon icon_fontawesome=&#8221;fa fa-angle-double-down&#8221; color=&#8221;white&#8221; align=&#8221;center&#8221; link=&#8221;url:javascript%3Avoid()%3B|||&#8221; el_class=&#8221;custom_scroll_btn&#8221;][\/vc_column][\/vc_row][vc_row cth_layout=&#8221;monolit_page_sec&#8221; sec_number=&#8221;01&#8243; el_id=&#8221;sec1&#8243; el_class=&#8221;services_section_holder&#8221;][vc_column offset=&#8221;vc_col-md-4&#8243;][monolit_carousel_slider_multiimgs slideimages=&#8221;608,609&#8243;][\/vc_column][vc_column offset=&#8221;vc_col-md-8&#8243;][vc_column_text]<\/p>\n<h2 class=\"section-title\"><strong>No\u00eblla<\/strong> Aoun<\/h2>\n<p>No\u00eblla Aoun d\u00e9tient un master de\u00a0<strong>\u201cColumbia University in the City of New York\u201d<\/strong>\u00a0en architecture et am\u00e9nagement urbain. Elle a \u00e9galement \u00e9tudi\u00e9 l&#8217;architecture \u00e0 l&#8217;Ecole des beaux-arts\u00a0<strong>\u201cALBA &#8211; Acad\u00e9mie Libanaise des Beaux-Arts\u201d<\/strong>\u00a0o\u00f9 elle a obtenu son dipl\u00f4me avec distinction.\u00a0Elle est \u00e9galement architecte inscrite \u00e0 l&#8217;OEA (Ordre des Ing\u00e9nieurs et Architectes) \u00e0 Beyrouth, Liban.<\/p>\n<div class=\"process-box\">\n<h3>Les Services:<\/h3>\n<ul class=\"creat-list\">\n<li><a>Architecture<\/a><\/li>\n<li><a>Am\u00e9nagement Urbain<\/a><\/li>\n<li><a>Architecture Int\u00e9rieure<\/a><\/li>\n<li><a>Paysagisme<\/a><\/li>\n<\/ul>\n<\/div>\n<div class=\"process-box\">\n<h3 id=\"tw-target-text\" class=\"tw-data-text tw-ta tw-text-medium\" dir=\"ltr\" data-placeholder=\"Translation\">Phases de Conception<\/h3>\n<ul class=\"creat-list extra_line_height\">\n<li><a>Avant Projet Sommaire<\/a><\/li>\n<li><a>Projet D\u00e9velopp\u00e9<\/a><\/li>\n<li><a>Dossier d\u2019Ex\u00e9cution<\/a><\/li>\n<li><a>Appel d&#8217;offres et N\u00e9gociation<\/a><\/li>\n<li><a>Ma\u00eetrise d\u2019oeuvre<\/a><\/li>\n<\/ul>\n<\/div>\n<div><a class=\"btn anim-button fl-l\" href=\"http:\/\/noellaaoun.com\/fr\/projects\/\"><span class=\"no-rep\">Voir Portfolio<\/span><i class=\"fa fa-long-arrow-right\"><\/i><\/a><\/div>\n<p>[\/vc_column_text][\/vc_column][\/vc_row][vc_row cth_layout=&#8221;monolit_page_dark_sec&#8221; parallax_inner_op=&#8221;0.8&#8243; sec_number=&#8221;02&#8243; sec_number_pos=&#8221;left&#8221; parallax_inner=&#8221;932&#8243;][vc_column][vc_row_inner][vc_column_inner offset=&#8221;vc_col-md-4&#8243;][vc_column_text]<\/p>\n<h2 class=\"section-title\">CERTAINS <strong>FAITS<\/strong><br \/>\nINT\u00c9RESSANTS<\/h2>\n<p>[\/vc_column_text][\/vc_column_inner][vc_column_inner offset=&#8221;vc_col-md-8&#8243;][vc_column_text][\/vc_column_text][\/vc_column_inner][\/vc_row_inner][vc_row_inner el_class=&#8221;some_inter_facts&#8221;][vc_column_inner offset=&#8221;vc_col-md-4&#8243;][\/vc_column_inner][vc_column_inner el_class=&#8221;inline-facts-holder row&#8221; offset=&#8221;vc_col-md-8&#8243;][cth_counter number=&#8221;&#8221;]Projets dans <strong>7 Pays<\/strong>[\/cth_counter][cth_counter number=&#8221;&#8221; parallax_value=&#8221;80&#8243;]Construction <strong>\u00c9cologique<\/strong>[\/cth_counter][cth_counter number=&#8221;&#8221; parallax_value=&#8221;100&#8243;]Espaces<br \/>\n<strong>Fonctionnels<\/strong><br \/>\n[\/cth_counter][\/vc_column_inner][\/vc_row_inner][\/vc_column][\/vc_row][vc_row cth_layout=&#8221;monolit_page_sec&#8221; sec_number=&#8221;03&#8243;][vc_column][vc_column_text]<\/p>\n<h2 class=\"section-title algn-right dec-title\"><strong>Travaux<\/strong> illustr\u00e9s<\/h2>\n<p>[\/vc_column_text][vc_column_text]<div class=\"row\"><div class=\"col-md-7\"><div class=\"parallax-item left-direction\"><div class=\"paralax-media\"><ul class=\"creat-list\"><li><a href=\"javascript:void(0);\">Lebanon <\/a><\/li><li><a href=\"http:\/\/noellaaoun.com\/fr\/projects\/?_sft_monolit_type=restauarnt\">Restaurant<\/a><\/li><li><a href=\"http:\/\/noellaaoun.com\/fr\/projects\/?_sft_portfolio_cat=architecture-fr\">Architecture<\/a><\/li><\/ul> <div class=\"paralax-wrap\"><img width=\"2000\" height=\"1125\" src=\"http:\/\/noellaaoun.com\/wp-content\/uploads\/2015\/10\/1-4.jpg\" class=\"respimg wp-post-image\" alt=\"\"  sizes=\"(max-width: 2000px) 100vw, 2000px\"><\/div><\/div><div class=\"parallax-deck skrollable skrollable-between\" data-top-bottom=\"transform: translateY(-200px);\" data-bottom-top=\"transform: translateY(200px);\" style=\"transform: translateY(7.88732px);\">\n<div class=\"parallax-deck-item\">\n<h3 class=\"folio-title\">Restaurant \u201cAl Saniour\u201d<\/h3>                                                                                <a href=\"http:\/\/noellaaoun.com\/fr\/portfolio\/al-saniour-sea-view-restaurant\/\" class=\"btn anim-button fl-l\"><span>Voir le projet<\/span> <i class=\"fa fa-long-arrow-right ktest\"><\/i><\/a>\n<\/div>\n<\/div>\n<\/div>\n<\/div>\n<div class=\"col-md-5\"><\/div>\n<\/div><div class=\"row\"><div class=\"col-md-7\">\n<\/div>\n<div class=\"col-md-5\"><div class=\"parallax-item left-direction\"><div class=\"paralax-media\"><ul class=\"creat-list\"><li><a href=\"javascript:void(0)\">New York City<\/a><\/li><li><a href=\"http:\/\/noellaaoun.com\/fr\/projects\/?_sft_monolit_type=developpement-mixte\">D\u00e9veloppement mixte<\/a><\/li><li><a href=\"http:\/\/noellaaoun.com\/fr\/projects\/?_sft_portfolio_cat=urban-design-fr\">Am\u00e9nagement Urbain<\/a><\/li><\/ul> <div class=\"paralax-wrap\"><img width=\"2000\" height=\"1125\" src=\"http:\/\/noellaaoun.com\/wp-content\/uploads\/2015\/10\/modified_UD_Kuehl_NoellaAoun_EkaratPunsupol_ZhiminZhang_SU14_03-copy.jpg\" class=\"respimg wp-post-image\" alt=\"\"  sizes=\"(max-width: 2000px) 100vw, 2000px\"><\/div><\/div><div class=\"parallax-deck skrollable skrollable-between\" data-top-bottom=\"transform: translateY(-200px);\" data-bottom-top=\"transform: translateY(200px);\" style=\"transform: translateY(7.88732px);\">\n<div class=\"parallax-deck-item\">\n<h3 class=\"folio-title\">D\u00e9veloppement \u00e0 usage mixte \u00e0 New York City<\/h3>                                                                                <a href=\"http:\/\/noellaaoun.com\/fr\/portfolio\/development-in-new-york\/\" class=\"btn anim-button fl-l\"><span>Voir le projet<\/span> <i class=\"fa fa-long-arrow-right ktest\"><\/i><\/a>\n<\/div>\n<\/div>\n<\/div><\/div>\n<\/div><div class=\"row\"><div class=\"col-md-7\"><div class=\"parallax-item left-direction\"><div class=\"paralax-media\"><ul class=\"creat-list\"><li><a href=\"javascript:void(0);\">Lebanon<\/a><\/li><li><a href=\"http:\/\/noellaaoun.com\/fr\/projects\/?_sft_monolit_type=recreatif\">R\u00e9cr\u00e9atif<\/a><\/li><li><a href=\"http:\/\/noellaaoun.com\/fr\/projects\/?_sft_portfolio_cat=landscape-fr\">Paysagisme<\/a><\/li><\/ul> <div class=\"paralax-wrap\"><img width=\"2000\" height=\"1125\" src=\"http:\/\/noellaaoun.com\/wp-content\/uploads\/2015\/10\/5.jpg\" class=\"respimg wp-post-image\" alt=\"\"  sizes=\"(max-width: 2000px) 100vw, 2000px\"><\/div><\/div><div class=\"parallax-deck skrollable skrollable-between\" data-top-bottom=\"transform: translateY(-200px);\" data-bottom-top=\"transform: translateY(200px);\" style=\"transform: translateY(7.88732px);\">\n<div class=\"parallax-deck-item\">\n<h3 class=\"folio-title\">Re.Treat Destination Familiale<\/h3>                                                                                <a href=\"http:\/\/noellaaoun.com\/fr\/portfolio\/re-treat-family-destination\/\" class=\"btn anim-button fl-l\"><span>Voir le projet<\/span> <i class=\"fa fa-long-arrow-right ktest\"><\/i><\/a>\n<\/div>\n<\/div>\n<\/div>\n<\/div>\n<div class=\"col-md-5\"><\/div>\n<\/div><div class=\"row\"><div class=\"col-md-7\">\n<\/div>\n<div class=\"col-md-5\"><div class=\"parallax-item left-direction\"><div class=\"paralax-media\"><ul class=\"creat-list\"><li><a href=\"javascript:void(0)\">Jeddah, Saudi Arabia<\/a><\/li><li><a href=\"http:\/\/noellaaoun.com\/fr\/projects\/?_sft_monolit_type=developpement-mixte\">D\u00e9veloppement mixte<\/a><\/li><li><a href=\"http:\/\/noellaaoun.com\/fr\/projects\/?_sft_portfolio_cat=architecture-fr\">Architecture<\/a><\/li><\/ul> <div class=\"paralax-wrap\"><img width=\"2000\" height=\"1125\" src=\"http:\/\/noellaaoun.com\/wp-content\/uploads\/2020\/12\/Noella-Aoun-Design-Studio_800x600_acf_cropped.jpg\" class=\"respimg wp-post-image\" alt=\"\"  sizes=\"(max-width: 2000px) 100vw, 2000px\"><\/div><\/div><div class=\"parallax-deck skrollable skrollable-between\" data-top-bottom=\"transform: translateY(-200px);\" data-bottom-top=\"transform: translateY(200px);\" style=\"transform: translateY(7.88732px);\">\n<div class=\"parallax-deck-item\">\n<h3 class=\"folio-title\">D\u00e9veloppement \u00e0 Usage Mixte \u00e0 Djeddah<\/h3>                                                                                <a href=\"http:\/\/noellaaoun.com\/fr\/portfolio\/developpement-a-usage-mixte-a-djeddah\/\" class=\"btn anim-button fl-l\"><span>Voir le projet<\/span> <i class=\"fa fa-long-arrow-right ktest\"><\/i><\/a>\n<\/div>\n<\/div>\n<\/div><\/div>\n<\/div><div class=\"custom-link-holder\"><a href=\"http:\/\/noellaaoun.com\/fr\/projects\/\" class=\"btn anim-button skrollable skrollable-between\" data-top-bottom=\"transform: translateY(-50px);\" data-bottom-top=\"transform: translateY(50px);\" style=\"transform: translateY(-3.39367px);\"><span>Voir tous les projets<\/span> <i class=\"fa fa-long-arrow-right\"><\/i><\/a><\/div>[\/vc_column_text][\/vc_column][\/vc_row]<\/p>\n","protected":false},"excerpt":{"rendered":"<p>[vc_row full_width=&#8221;stretch_row&#8221; cth_layout=&#8221;monolit_fullheight_sec&#8221;][vc_column css=&#8221;.vc_custom_1455730804223{padding-right: 0px !important;padding-left: 0px !important;}&#8221;][monolit_home_slider values=&#8221;%5B%7B%22slideimg%22%3A%221987%22%7D%2C%7B%22slideimg%22%3A%221873%22%7D%2C%7B%22slideimg%22%3A%222285%22%7D%5D&#8221; autoplay=&#8221;yes&#8221;][vc_icon icon_fontawesome=&#8221;fa fa-angle-double-down&#8221; color=&#8221;white&#8221; align=&#8221;center&#8221; link=&#8221;url:javascript%3Avoid()%3B|||&#8221; el_class=&#8221;custom_scroll_btn&#8221;][\/vc_column][\/vc_row][vc_row cth_layout=&#8221;monolit_page_sec&#8221; sec_number=&#8221;01&#8243; el_id=&#8221;sec1&#8243; el_class=&#8221;services_section_holder&#8221;][vc_column offset=&#8221;vc_col-md-4&#8243;][monolit_carousel_slider_multiimgs slideimages=&#8221;608,609&#8243;][\/vc_column][vc_column offset=&#8221;vc_col-md-8&#8243;][vc_column_text] No\u00eblla Aoun No\u00eblla Aoun d\u00e9tient un master de\u00a0\u201cColumbia University in the City of New York\u201d\u00a0en architecture et am\u00e9nagement urbain. Elle a \u00e9galement \u00e9tudi\u00e9 l&#8217;architecture \u00e0 l&#8217;Ecole des beaux-arts\u00a0\u201cALBA &#8211; Acad\u00e9mie Libanaise des [&hellip;]<\/p>\n","protected":false},"author":1,"featured_media":0,"parent":0,"menu_order":0,"comment_status":"closed","ping_status":"closed","template":"homepage.php","meta":[],"acf":[],"aioseo_notices":[],"_links":{"self":[{"href":"http:\/\/noellaaoun.com\/fr\/wp-json\/wp\/v2\/pages\/1084"}],"collection":[{"href":"http:\/\/noellaaoun.com\/fr\/wp-json\/wp\/v2\/pages"}],"about":[{"href":"http:\/\/noellaaoun.com\/fr\/wp-json\/wp\/v2\/types\/page"}],"author":[{"embeddable":true,"href":"http:\/\/noellaaoun.com\/fr\/wp-json\/wp\/v2\/users\/1"}],"replies":[{"embeddable":true,"href":"http:\/\/noellaaoun.com\/fr\/wp-json\/wp\/v2\/comments?post=1084"}],"version-history":[{"count":23,"href":"http:\/\/noellaaoun.com\/fr\/wp-json\/wp\/v2\/pages\/1084\/revisions"}],"predecessor-version":[{"id":2296,"href":"http:\/\/noellaaoun.com\/fr\/wp-json\/wp\/v2\/pages\/1084\/revisions\/2296"}],"wp:attachment":[{"href":"http:\/\/noellaaoun.com\/fr\/wp-json\/wp\/v2\/media?parent=1084"}],"curies":[{"name":"wp","href":"https:\/\/api.w.org\/{rel}","templated":true}]}}